{"id":7005,"date":"2023-05-23T15:28:38","date_gmt":"2023-05-23T13:28:38","guid":{"rendered":"https:\/\/saintraymond.toulouse.fr\/des-bijoux-de-famille\/"},"modified":"2024-06-26T17:26:24","modified_gmt":"2024-06-26T15:26:24","slug":"des-bijoux-de-famille","status":"publish","type":"page","link":"https:\/\/saintraymond.toulouse.fr\/en\/des-bijoux-de-famille\/","title":{"rendered":"Family jewels?"},"content":{"rendered":"<section class=\"section-group\"><div class=\"container\"><div class=\"pure-g\">\n<div class=\"wp-block-group is-layout-constrained wp-block-group-is-layout-constrained\">\n<p class=\"has-blue-color has-text-color\" style=\"font-size:24px;font-style:normal;font-weight:600\"><strong>This is a very prestigious set of objects, Gallic torcs! These gold neck rings and arm rings are among the museum&#8217;s major artefacts. Everything about them is reminiscent of the ceremonial jewellery of a wealthy social class in the Toulouse region during the 3rd century BC.<\/strong><\/p>\n\n\n\n<div class=\"wp-block-media-text alignwide is-stacked-on-mobile\"><figure class=\"wp-block-media-text__media\" role=\"group\" aria-label=\"Ensemble de torques d\u00e9couvert \u00e0 Fenouillet. Photo : Daniel Martin (Licence ouverte-Etalab).\" \"><img loading=\"lazy\" decoding=\"async\" width=\"1024\" height=\"711\" src=\"https:\/\/saintraymond.toulouse.fr\/wp-content\/uploads\/sites\/8\/2023\/05\/torques_fenouillet_page-1024x711.jpg\" alt=\"Torcs (rigid necklaces) discovered in Fenouillet. Five torcs are visible, three at the top and two at the bottom. They were made from twisted and bent gold rods.\" class=\"wp-image-1217 size-full\" srcset=\"https:\/\/saintraymond.toulouse.fr\/wp-content\/uploads\/sites\/8\/2023\/05\/torques_fenouillet_page-1024x711.jpg 1024w, https:\/\/saintraymond.toulouse.fr\/wp-content\/uploads\/sites\/8\/2023\/05\/torques_fenouillet_page-300x208.jpg 300w, https:\/\/saintraymond.toulouse.fr\/wp-content\/uploads\/sites\/8\/2023\/05\/torques_fenouillet_page-768x533.jpg 768w, https:\/\/saintraymond.toulouse.fr\/wp-content\/uploads\/sites\/8\/2023\/05\/torques_fenouillet_page-414x288.jpg 414w, https:\/\/saintraymond.toulouse.fr\/wp-content\/uploads\/sites\/8\/2023\/05\/torques_fenouillet_page.jpg 1080w\" sizes=\"(max-width: 1024px) 100vw, 1024px\" \/><figcaption>Ensemble de torques d\u00e9couvert \u00e0 Fenouillet. Photo : Daniel Martin (Licence ouverte-Etalab).<\/figcaption><\/figure><div class=\"wp-block-media-text__content\">\n<p>These objects were not discovered in the same place, as the first five come from Fenouillet, North of Toulouse, the other two from Lasgra\u00efsses in the Tarn region. Two places of origin, two ways of unearthing them. On the one hand by digging the <em>Canal Lat\u00e9ral<\/em> (Lateral Canal) of the Garonne River in 1841, and on the other hand by stumping up vine stocks in 1885. To top it all off, the artefacts from Fenouillet were found in a pot, while the artefacts from the Tarn region were found together with pottery and animal bones of all kinds: pig, ox, deer and even horse! Quite a story, after all.<\/p>\n<\/div><\/div>\n\n\n\n<div class=\"wp-block-media-text alignwide is-stacked-on-mobile\"><figure class=\"wp-block-media-text__media\" role=\"group\" aria-label=\"Bijoux d\u00e9couverts \u00e0 Lasgra\u00efsses. Photo : Daniel Martin (Licence ouverte-Etalab).\" \"><img loading=\"lazy\" decoding=\"async\" width=\"1024\" height=\"468\" src=\"https:\/\/saintraymond.toulouse.fr\/wp-content\/uploads\/sites\/8\/2023\/05\/bijoux_lasgraisses_page-1024x468.jpg\" alt=\"Un torque (collier rigide) tubulaire en or et un brassard tubulaire en or d\u00e9couverts \u00e0 Lasgra\u00efsses. Le d\u00e9cor donne l'impression d'une guirlande de fleurs, aux bourgeons et fleurons \u00e0 peine \u00e9clos, torsad\u00e9e par un double ruban.\" class=\"wp-image-1213 size-full\" srcset=\"https:\/\/saintraymond.toulouse.fr\/wp-content\/uploads\/sites\/8\/2023\/05\/bijoux_lasgraisses_page-1024x468.jpg 1024w, https:\/\/saintraymond.toulouse.fr\/wp-content\/uploads\/sites\/8\/2023\/05\/bijoux_lasgraisses_page-300x137.jpg 300w, https:\/\/saintraymond.toulouse.fr\/wp-content\/uploads\/sites\/8\/2023\/05\/bijoux_lasgraisses_page-768x351.jpg 768w, https:\/\/saintraymond.toulouse.fr\/wp-content\/uploads\/sites\/8\/2023\/05\/bijoux_lasgraisses_page-414x189.jpg 414w, https:\/\/saintraymond.toulouse.fr\/wp-content\/uploads\/sites\/8\/2023\/05\/bijoux_lasgraisses_page.jpg 1080w\" sizes=\"(max-width: 1024px) 100vw, 1024px\" \/><figcaption>Bijoux d\u00e9couverts \u00e0 Lasgra\u00efsses. Photo : Daniel Martin (Licence ouverte-Etalab).<\/figcaption><\/figure><div class=\"wp-block-media-text__content\">\n<p>These objects were made by goldsmiths of exceptional technical skill, who may have worked in workshops in South-West Gaul. Made from almost pure gold coming from local water streams, these objects were worked with sheet metal or gold rods, finely twisted, meticulously crafted, conscientiously soldered and assembled. Indeed, you might not notice it at first, but the two artefacts from Lasgra\u00efsses are hollow, unlike the others, the bangle of which was twisted and folded to be properly shaped. As for the decoration, it certainly reflects the influence of the best Greek craftsmen from Magna Graecia, in Southern Italy, between 500 and 300 BC.<\/p>\n<\/div><\/div>\n\n\n\n<p>In the Celtic world, the owners of these torcs wore them during parades, fights or prestigious banquets. They were symbols of both warlike and religious power. Depending on the period, both men and women wore these incredible ornaments. Sometimes they were found in graves with their owners, accompanying them to the other side. Why bury such objects, you ask? Well, their respective owners may have gifted them to the gods. Quite a gift indeed! But you know how it is, nothing comes for free! The gods need to receive gifts in order to listen to a request, and what better gift than a bangle? Because although they received jewels, the main thing they were given was a quantity of gold. Gold still holds great value for the gods.<\/p>\n\n\n\n<div class=\"wp-block-columns has-grey-light-background-color has-background is-layout-flex wp-container-core-columns-is-layout-9d6595d7 wp-block-columns-is-layout-flex\">\n<div class=\"wp-block-column is-style-default has-grey-light-background-color has-background is-layout-flow wp-block-column-is-layout-flow\" style=\"flex-basis:50%\">\n<h4 class=\"wp-block-heading is-style-default has-blue-color has-text-color\" id=\"technical-sheet-the-torques-from-fenouillet\"><strong>TECHNICAL SHEET: THE TORQUES FROM FENOUILLET<\/strong><\/h4>\n\n\n\n<h5 class=\"wp-block-heading\" id=\"designation\"><strong>Name<\/strong><\/h5>\n\n\n\n<p class=\"is-style-default has-black-color has-text-color\">Penannular torc with buffers and clasp; penannular torc with sleeves, buffers and clasp; penannular torc with buffers and clasp; tubular torc with double clasp; penannular torc with sleeves, buffers and clasp.<\/p>\n\n\n\n<h5 class=\"wp-block-heading\" id=\"materiau\"><strong>Material<\/strong><\/h5>\n\n\n\n<p class=\"is-style-default has-black-color has-text-color\">Gold<\/p>\n\n\n\n<h5 class=\"wp-block-heading\" id=\"lieu-de-decouverte\"><strong>Place of discovery<\/strong><\/h5>\n\n\n\n<p class=\"is-style-default has-black-color has-text-color\">Fenouillet (Haute-Garonne)<\/p>\n\n\n\n<h5 class=\"wp-block-heading\" id=\"date-de-fabrication\"><strong><strong>Manufacture date<\/strong><\/strong><\/h5>\n\n\n\n<p class=\"is-style-default has-black-color has-text-color\">3rd century BC<\/p>\n\n\n\n<h5 class=\"wp-block-heading\" id=\"numeros-d-inventaire\">Inventory&nbsp;numbers<\/h5>\n\n\n\n<p class=\"is-style-default has-black-color has-text-color\">25049; 25047; 25048; 25045; 25046<\/p>\n\n\n\n<h5 class=\"wp-block-heading\" id=\"localisation\"><strong><strong>Whereabouts<\/strong><\/strong><\/h5>\n\n\n\n<p class=\"is-style-default has-black-color has-text-color\">Permanent collection, 2nd floor<\/p>\n<\/div>\n\n\n\n<div class=\"wp-block-column has-black-color has-grey-light-background-color has-text-color has-background is-layout-flow wp-block-column-is-layout-flow\">\n<h4 class=\"wp-block-heading has-blue-color has-text-color\" id=\"pour-aller-plus-loin\"><strong>FOR FURTHER INFORMATION<\/strong><\/h4>\n\n\n\n<div style=\"height:20px\" aria-hidden=\"true\" class=\"wp-block-spacer\"><\/div>\n\n\n\n<ul class=\"wp-block-list\">\n<li><a href=\"https:\/\/www.pop.culture.gouv.fr\/notice\/joconde\/05630030182\">Scientific note on torc 25049 \u2b08<\/a><\/li>\n\n\n\n<li><a href=\"https:\/\/www.pop.culture.gouv.fr\/notice\/joconde\/05630030180\" target=\"_blank\" rel=\"noreferrer noopener\"><\/a><a href=\"https:\/\/www.pop.culture.gouv.fr\/notice\/joconde\/05630030180\">Scientific note on torc  25047 \u2b08<\/a><\/li>\n\n\n\n<li><a href=\"https:\/\/www.pop.culture.gouv.fr\/notice\/joconde\/05630030181\" target=\"_blank\" rel=\"noreferrer noopener\"><\/a><a href=\"https:\/\/www.pop.culture.gouv.fr\/notice\/joconde\/05630030181\">Scientific note on torc 25048 \u2b08<\/a><\/li>\n\n\n\n<li><a href=\"https:\/\/www.pop.culture.gouv.fr\/notice\/joconde\/05630003421\" target=\"_blank\" rel=\"noreferrer noopener\"><\/a><a href=\"https:\/\/www.pop.culture.gouv.fr\/notice\/joconde\/05630003421\">Scientific note on torc 25045 \u2b08<\/a><\/li>\n\n\n\n<li><a href=\"https:\/\/www.pop.culture.gouv.fr\/notice\/joconde\/05630000606\" target=\"_blank\" rel=\"noreferrer noopener\"><\/a><a href=\"https:\/\/www.pop.culture.gouv.fr\/notice\/joconde\/05630000606\">Scientific note on torc 25046 \u2b08<\/a><\/li>\n\n\n\n<li><a href=\"https:\/\/commons.wikimedia.org\/wiki\/Category:Ensemble_de_torques_de_Fenouillet\" target=\"_blank\" rel=\"noreferrer noopener\">Photos to download \u2b08<\/a><\/li>\n<\/ul>\n\n\n\n<figure  role=\"group\"  aria-label=\"Set of torcs discovered in Fenouillet. Photo: Daniel Martin (Open licence-Etalab).\"  class=\"wp-block-image size-large\"><img loading=\"lazy\" decoding=\"async\" width=\"1024\" height=\"711\" src=\"https:\/\/saintraymond.toulouse.fr\/wp-content\/uploads\/sites\/8\/2023\/05\/torques_fenouillet_page-1024x711.jpg\" alt=\"Les torques (colliers rigides) d\u00e9couverts \u00e0 Fenouillet. Cinq torques sont visibles, trois en haut et deux en bas. Ils sont fabriqu\u00e9s \u00e0 l\u2019aide de joncs en or torsad\u00e9s et pli\u00e9s.\" class=\"wp-image-1217\" srcset=\"https:\/\/saintraymond.toulouse.fr\/wp-content\/uploads\/sites\/8\/2023\/05\/torques_fenouillet_page-1024x711.jpg 1024w, https:\/\/saintraymond.toulouse.fr\/wp-content\/uploads\/sites\/8\/2023\/05\/torques_fenouillet_page-300x208.jpg 300w, https:\/\/saintraymond.toulouse.fr\/wp-content\/uploads\/sites\/8\/2023\/05\/torques_fenouillet_page-768x533.jpg 768w, https:\/\/saintraymond.toulouse.fr\/wp-content\/uploads\/sites\/8\/2023\/05\/torques_fenouillet_page-414x288.jpg 414w, https:\/\/saintraymond.toulouse.fr\/wp-content\/uploads\/sites\/8\/2023\/05\/torques_fenouillet_page.jpg 1080w\" sizes=\"(max-width: 1024px) 100vw, 1024px\" \/><figcaption class=\"wp-element-caption\">Set of torcs discovered in Fenouillet. Photo: Daniel Martin (Open licence-Etalab).<\/figcaption><\/figure>\n<\/div>\n<\/div>\n\n\n\n<div class=\"wp-block-columns has-grey-light-background-color has-background is-layout-flex wp-container-core-columns-is-layout-9d6595d7 wp-block-columns-is-layout-flex\">\n<div class=\"wp-block-column is-style-default has-grey-light-background-color has-background is-layout-flow wp-block-column-is-layout-flow\" style=\"flex-basis:50%\">\n<h4 class=\"wp-block-heading is-style-default has-blue-color has-text-color\" id=\"technical-sheet-jewellery-from-lasgraisses\"><strong>TECHNICAL SHEET:&nbsp; JEWELLERY FROM LASGRA\u00cfSSES<\/strong><\/h4>\n\n\n\n<h5 class=\"wp-block-heading\" id=\"designation\"><strong>Name<\/strong><\/h5>\n\n\n\n<p class=\"is-style-default has-black-color has-text-color\">Tubular neck with double clasp; arm ring.<\/p>\n\n\n\n<h5 class=\"wp-block-heading\" id=\"materiau\"><strong>Material<\/strong><\/h5>\n\n\n\n<p class=\"is-style-default has-black-color has-text-color\">Gold<\/p>\n\n\n\n<h5 class=\"wp-block-heading\" id=\"lieu-de-decouverte\"><strong>Place of discovery<\/strong><\/h5>\n\n\n\n<p class=\"is-style-default has-black-color has-text-color\">Lasgra\u00efsses (Tarn)<\/p>\n\n\n\n<h5 class=\"wp-block-heading\" id=\"date-de-fabrication\"><strong><strong>Manufacture date<\/strong><\/strong><\/h5>\n\n\n\n<p class=\"is-style-default has-black-color has-text-color\">First half of the 3rd century BC<\/p>\n\n\n\n<h5 class=\"wp-block-heading\" id=\"numeros-d-inventaire\">Inventory&nbsp;numbers<\/h5>\n\n\n\n<p class=\"is-style-default has-black-color has-text-color\">25043 and 25044<\/p>\n\n\n\n<h5 class=\"wp-block-heading\" id=\"localisation\"><strong><strong>Whereabouts<\/strong><\/strong><\/h5>\n\n\n\n<p class=\"is-style-default has-black-color has-text-color\">Permanent collection, 2nd floor<\/p>\n<\/div>\n\n\n\n<div class=\"wp-block-column has-black-color has-grey-light-background-color has-text-color has-background is-layout-flow wp-block-column-is-layout-flow\">\n<h4 class=\"wp-block-heading has-blue-color has-text-color\" id=\"pour-aller-plus-loin\"><strong>FOR FURTHER INFORMATION<\/strong><\/h4>\n\n\n\n<div style=\"height:20px\" aria-hidden=\"true\" class=\"wp-block-spacer\"><\/div>\n\n\n\n<ul class=\"wp-block-list\">\n<li><a href=\"https:\/\/www.pop.culture.gouv.fr\/notice\/joconde\/05630000605\">Scientifc note on torc 25043 \u2b08<\/a><\/li>\n\n\n\n<li><a href=\"https:\/\/www.pop.culture.gouv.fr\/notice\/joconde\/05630000608\">Scientific note on cuff 25044 \u2b08<\/a><\/li>\n\n\n\n<li><a href=\"https:\/\/commons.wikimedia.org\/wiki\/Category:Mus%C3%A9e_Saint-Raymond,_25043\" target=\"_blank\" rel=\"noreferrer noopener\">Photos to download of torc 25043 \u2b08<\/a><\/li>\n\n\n\n<li><a href=\"https:\/\/commons.wikimedia.org\/wiki\/Category:Mus%C3%A9e_Saint-Raymond,_25044\" target=\"_blank\" rel=\"noreferrer noopener\">Photos to download of cuff 25044 \u2b08<\/a><\/li>\n<\/ul>\n\n\n\n<figure  role=\"group\"  aria-label=\"Jewellery discovered in Lasgra\u00efsses. Photo: Daniel Martin (Open licence-Etalab).\"  class=\"wp-block-image size-large\"><img loading=\"lazy\" decoding=\"async\" width=\"1024\" height=\"468\" src=\"https:\/\/saintraymond.toulouse.fr\/wp-content\/uploads\/sites\/8\/2023\/05\/bijoux_lasgraisses_page-1024x468.jpg\" alt=\"Un torque (collier rigide) tubulaire en or et un brassard tubulaire en or d\u00e9couverts \u00e0 Lasgra\u00efsses. Le d\u00e9cor donne l'impression d'une guirlande de fleurs, aux bourgeons et fleurons \u00e0 peine \u00e9clos, torsad\u00e9e par un double ruban.\" class=\"wp-image-1213\" srcset=\"https:\/\/saintraymond.toulouse.fr\/wp-content\/uploads\/sites\/8\/2023\/05\/bijoux_lasgraisses_page-1024x468.jpg 1024w, https:\/\/saintraymond.toulouse.fr\/wp-content\/uploads\/sites\/8\/2023\/05\/bijoux_lasgraisses_page-300x137.jpg 300w, https:\/\/saintraymond.toulouse.fr\/wp-content\/uploads\/sites\/8\/2023\/05\/bijoux_lasgraisses_page-768x351.jpg 768w, https:\/\/saintraymond.toulouse.fr\/wp-content\/uploads\/sites\/8\/2023\/05\/bijoux_lasgraisses_page-414x189.jpg 414w, https:\/\/saintraymond.toulouse.fr\/wp-content\/uploads\/sites\/8\/2023\/05\/bijoux_lasgraisses_page.jpg 1080w\" sizes=\"(max-width: 1024px) 100vw, 1024px\" \/><figcaption class=\"wp-element-caption\">Jewellery discovered in Lasgra\u00efsses. Photo: Daniel Martin (Open licence-Etalab).<\/figcaption><\/figure>\n<\/div>\n<\/div>\n\n\n\n<hr class=\"wp-block-separator has-alpha-channel-opacity is-style-default\"\/>\n<\/div>\n<\/div><\/div><\/section>","protected":false},"excerpt":{"rendered":"<p>This is a very prestigious set of objects, Gallic torcs! These gold neck rings and arm rings are among the museum&#8217;s major artefacts. Everything about them is reminiscent of the ceremonial jewellery of a wealthy&hellip;<\/p>\n","protected":false},"author":56,"featured_media":0,"parent":0,"menu_order":0,"comment_status":"closed","ping_status":"closed","template":"","meta":{"_acf_changed":false,"footnotes":""},"class_list":["post-7005","page","type-page","status-publish","hentry"],"acf":[],"yoast_head":"<!-- This site is optimized with the Yoast SEO plugin v27.0 - https:\/\/yoast.com\/product\/yoast-seo-wordpress\/ -->\n<title>Family jewels? - Mus\u00e9e Saint-Raymond<\/title>\n<meta name=\"robots\" content=\"index, follow, max-snippet:-1, max-image-preview:large, max-video-preview:-1\" \/>\n<link rel=\"canonical\" href=\"https:\/\/saintraymond.toulouse.fr\/en\/des-bijoux-de-famille\/\" \/>\n<meta property=\"og:locale\" content=\"en_US\" \/>\n<meta property=\"og:type\" content=\"article\" \/>\n<meta property=\"og:title\" content=\"Family jewels? - Mus\u00e9e Saint-Raymond\" \/>\n<meta property=\"og:description\" content=\"This is a very prestigious set of objects, Gallic torcs! These gold neck rings and arm rings are among the museum&#8217;s major artefacts. Everything about them is reminiscent of the ceremonial jewellery of a wealthy&hellip;\" \/>\n<meta property=\"og:url\" content=\"https:\/\/saintraymond.toulouse.fr\/en\/des-bijoux-de-famille\/\" \/>\n<meta property=\"og:site_name\" content=\"Mus\u00e9e Saint-Raymond\" \/>\n<meta property=\"article:publisher\" content=\"https:\/\/fr-fr.facebook.com\/museesaintraymond\/\" \/>\n<meta property=\"article:modified_time\" content=\"2024-06-26T15:26:24+00:00\" \/>\n<meta property=\"og:image\" content=\"https:\/\/saintraymond.toulouse.fr\/wp-content\/uploads\/sites\/8\/2023\/05\/torques_fenouillet_page-1024x711.jpg\" \/>\n<meta name=\"twitter:card\" content=\"summary_large_image\" \/>\n<script type=\"application\/ld+json\" class=\"yoast-schema-graph\">{\"@context\":\"https:\/\/schema.org\",\"@graph\":[{\"@type\":\"WebPage\",\"@id\":\"https:\/\/saintraymond.toulouse.fr\/en\/des-bijoux-de-famille\/\",\"url\":\"https:\/\/saintraymond.toulouse.fr\/en\/des-bijoux-de-famille\/\",\"name\":\"Family jewels? - Mus\u00e9e Saint-Raymond\",\"isPartOf\":{\"@id\":\"https:\/\/saintraymond.toulouse.fr\/en\/#website\"},\"primaryImageOfPage\":{\"@id\":\"https:\/\/saintraymond.toulouse.fr\/en\/des-bijoux-de-famille\/#primaryimage\"},\"image\":{\"@id\":\"https:\/\/saintraymond.toulouse.fr\/en\/des-bijoux-de-famille\/#primaryimage\"},\"thumbnailUrl\":\"https:\/\/saintraymond.toulouse.fr\/wp-content\/uploads\/sites\/8\/2023\/05\/torques_fenouillet_page-1024x711.jpg\",\"datePublished\":\"2023-05-23T13:28:38+00:00\",\"dateModified\":\"2024-06-26T15:26:24+00:00\",\"breadcrumb\":{\"@id\":\"https:\/\/saintraymond.toulouse.fr\/en\/des-bijoux-de-famille\/#breadcrumb\"},\"inLanguage\":\"en-US\",\"potentialAction\":[{\"@type\":\"ReadAction\",\"target\":[\"https:\/\/saintraymond.toulouse.fr\/en\/des-bijoux-de-famille\/\"]}]},{\"@type\":\"ImageObject\",\"inLanguage\":\"en-US\",\"@id\":\"https:\/\/saintraymond.toulouse.fr\/en\/des-bijoux-de-famille\/#primaryimage\",\"url\":\"https:\/\/saintraymond.toulouse.fr\/wp-content\/uploads\/sites\/8\/2023\/05\/torques_fenouillet_page-1024x711.jpg\",\"contentUrl\":\"https:\/\/saintraymond.toulouse.fr\/wp-content\/uploads\/sites\/8\/2023\/05\/torques_fenouillet_page-1024x711.jpg\"},{\"@type\":\"BreadcrumbList\",\"@id\":\"https:\/\/saintraymond.toulouse.fr\/en\/des-bijoux-de-famille\/#breadcrumb\",\"itemListElement\":[{\"@type\":\"ListItem\",\"position\":1,\"name\":\"Accueil\",\"item\":\"https:\/\/saintraymond.toulouse.fr\/en\/\"},{\"@type\":\"ListItem\",\"position\":2,\"name\":\"Family jewels?\"}]},{\"@type\":\"WebSite\",\"@id\":\"https:\/\/saintraymond.toulouse.fr\/en\/#website\",\"url\":\"https:\/\/saintraymond.toulouse.fr\/en\/\",\"name\":\"Mus\u00e9e Saint-Raymond\",\"description\":\"\",\"publisher\":{\"@id\":\"https:\/\/saintraymond.toulouse.fr\/en\/#organization\"},\"potentialAction\":[{\"@type\":\"SearchAction\",\"target\":{\"@type\":\"EntryPoint\",\"urlTemplate\":\"https:\/\/saintraymond.toulouse.fr\/en\/search\/{search_term_string}\"},\"query-input\":{\"@type\":\"PropertyValueSpecification\",\"valueRequired\":true,\"valueName\":\"search_term_string\"}}],\"inLanguage\":\"en-US\"},{\"@type\":\"Organization\",\"@id\":\"https:\/\/saintraymond.toulouse.fr\/en\/#organization\",\"name\":\"Mus\u00e9e Saint-Raymond\",\"url\":\"https:\/\/saintraymond.toulouse.fr\/en\/\",\"logo\":{\"@type\":\"ImageObject\",\"inLanguage\":\"en-US\",\"@id\":\"https:\/\/saintraymond.toulouse.fr\/en\/#\/schema\/logo\/image\/\",\"url\":\"https:\/\/saintraymond.toulouse.fr\/wp-content\/uploads\/sites\/8\/2023\/04\/Logo-MSR.svg\",\"contentUrl\":\"https:\/\/saintraymond.toulouse.fr\/wp-content\/uploads\/sites\/8\/2023\/04\/Logo-MSR.svg\",\"caption\":\"Mus\u00e9e Saint-Raymond\"},\"image\":{\"@id\":\"https:\/\/saintraymond.toulouse.fr\/en\/#\/schema\/logo\/image\/\"},\"sameAs\":[\"https:\/\/fr-fr.facebook.com\/museesaintraymond\/\"]}]}<\/script>\n<!-- \/ Yoast SEO plugin. -->","yoast_head_json":{"title":"Family jewels? - Mus\u00e9e Saint-Raymond","robots":{"index":"index","follow":"follow","max-snippet":"max-snippet:-1","max-image-preview":"max-image-preview:large","max-video-preview":"max-video-preview:-1"},"canonical":"https:\/\/saintraymond.toulouse.fr\/en\/des-bijoux-de-famille\/","og_locale":"en_US","og_type":"article","og_title":"Family jewels? - Mus\u00e9e Saint-Raymond","og_description":"This is a very prestigious set of objects, Gallic torcs! These gold neck rings and arm rings are among the museum&#8217;s major artefacts. Everything about them is reminiscent of the ceremonial jewellery of a wealthy&hellip;","og_url":"https:\/\/saintraymond.toulouse.fr\/en\/des-bijoux-de-famille\/","og_site_name":"Mus\u00e9e Saint-Raymond","article_publisher":"https:\/\/fr-fr.facebook.com\/museesaintraymond\/","article_modified_time":"2024-06-26T15:26:24+00:00","og_image":[{"url":"https:\/\/saintraymond.toulouse.fr\/wp-content\/uploads\/sites\/8\/2023\/05\/torques_fenouillet_page-1024x711.jpg","type":"","width":"","height":""}],"twitter_card":"summary_large_image","schema":{"@context":"https:\/\/schema.org","@graph":[{"@type":"WebPage","@id":"https:\/\/saintraymond.toulouse.fr\/en\/des-bijoux-de-famille\/","url":"https:\/\/saintraymond.toulouse.fr\/en\/des-bijoux-de-famille\/","name":"Family jewels? - Mus\u00e9e Saint-Raymond","isPartOf":{"@id":"https:\/\/saintraymond.toulouse.fr\/en\/#website"},"primaryImageOfPage":{"@id":"https:\/\/saintraymond.toulouse.fr\/en\/des-bijoux-de-famille\/#primaryimage"},"image":{"@id":"https:\/\/saintraymond.toulouse.fr\/en\/des-bijoux-de-famille\/#primaryimage"},"thumbnailUrl":"https:\/\/saintraymond.toulouse.fr\/wp-content\/uploads\/sites\/8\/2023\/05\/torques_fenouillet_page-1024x711.jpg","datePublished":"2023-05-23T13:28:38+00:00","dateModified":"2024-06-26T15:26:24+00:00","breadcrumb":{"@id":"https:\/\/saintraymond.toulouse.fr\/en\/des-bijoux-de-famille\/#breadcrumb"},"inLanguage":"en-US","potentialAction":[{"@type":"ReadAction","target":["https:\/\/saintraymond.toulouse.fr\/en\/des-bijoux-de-famille\/"]}]},{"@type":"ImageObject","inLanguage":"en-US","@id":"https:\/\/saintraymond.toulouse.fr\/en\/des-bijoux-de-famille\/#primaryimage","url":"https:\/\/saintraymond.toulouse.fr\/wp-content\/uploads\/sites\/8\/2023\/05\/torques_fenouillet_page-1024x711.jpg","contentUrl":"https:\/\/saintraymond.toulouse.fr\/wp-content\/uploads\/sites\/8\/2023\/05\/torques_fenouillet_page-1024x711.jpg"},{"@type":"BreadcrumbList","@id":"https:\/\/saintraymond.toulouse.fr\/en\/des-bijoux-de-famille\/#breadcrumb","itemListElement":[{"@type":"ListItem","position":1,"name":"Accueil","item":"https:\/\/saintraymond.toulouse.fr\/en\/"},{"@type":"ListItem","position":2,"name":"Family jewels?"}]},{"@type":"WebSite","@id":"https:\/\/saintraymond.toulouse.fr\/en\/#website","url":"https:\/\/saintraymond.toulouse.fr\/en\/","name":"Mus\u00e9e Saint-Raymond","description":"","publisher":{"@id":"https:\/\/saintraymond.toulouse.fr\/en\/#organization"},"potentialAction":[{"@type":"SearchAction","target":{"@type":"EntryPoint","urlTemplate":"https:\/\/saintraymond.toulouse.fr\/en\/search\/{search_term_string}"},"query-input":{"@type":"PropertyValueSpecification","valueRequired":true,"valueName":"search_term_string"}}],"inLanguage":"en-US"},{"@type":"Organization","@id":"https:\/\/saintraymond.toulouse.fr\/en\/#organization","name":"Mus\u00e9e Saint-Raymond","url":"https:\/\/saintraymond.toulouse.fr\/en\/","logo":{"@type":"ImageObject","inLanguage":"en-US","@id":"https:\/\/saintraymond.toulouse.fr\/en\/#\/schema\/logo\/image\/","url":"https:\/\/saintraymond.toulouse.fr\/wp-content\/uploads\/sites\/8\/2023\/04\/Logo-MSR.svg","contentUrl":"https:\/\/saintraymond.toulouse.fr\/wp-content\/uploads\/sites\/8\/2023\/04\/Logo-MSR.svg","caption":"Mus\u00e9e Saint-Raymond"},"image":{"@id":"https:\/\/saintraymond.toulouse.fr\/en\/#\/schema\/logo\/image\/"},"sameAs":["https:\/\/fr-fr.facebook.com\/museesaintraymond\/"]}]}},"_links":{"self":[{"href":"https:\/\/saintraymond.toulouse.fr\/en\/wp-json\/wp\/v2\/pages\/7005","targetHints":{"allow":["GET"]}}],"collection":[{"href":"https:\/\/saintraymond.toulouse.fr\/en\/wp-json\/wp\/v2\/pages"}],"about":[{"href":"https:\/\/saintraymond.toulouse.fr\/en\/wp-json\/wp\/v2\/types\/page"}],"author":[{"embeddable":true,"href":"https:\/\/saintraymond.toulouse.fr\/en\/wp-json\/wp\/v2\/users\/56"}],"replies":[{"embeddable":true,"href":"https:\/\/saintraymond.toulouse.fr\/en\/wp-json\/wp\/v2\/comments?post=7005"}],"version-history":[{"count":6,"href":"https:\/\/saintraymond.toulouse.fr\/en\/wp-json\/wp\/v2\/pages\/7005\/revisions"}],"predecessor-version":[{"id":7017,"href":"https:\/\/saintraymond.toulouse.fr\/en\/wp-json\/wp\/v2\/pages\/7005\/revisions\/7017"}],"wp:attachment":[{"href":"https:\/\/saintraymond.toulouse.fr\/en\/wp-json\/wp\/v2\/media?parent=7005"}],"curies":[{"name":"wp","href":"https:\/\/api.w.org\/{rel}","templated":true}]}}