{"id":6981,"date":"2023-05-25T11:44:09","date_gmt":"2023-05-25T09:44:09","guid":{"rendered":"https:\/\/saintraymond.toulouse.fr\/?page_id=6981"},"modified":"2024-06-18T12:11:23","modified_gmt":"2024-06-18T10:11:23","slug":"museum-historic-monument-and-archaeological-site","status":"publish","type":"page","link":"https:\/\/saintraymond.toulouse.fr\/en\/museum-historic-monument-and-archaeological-site\/","title":{"rendered":"Museum, historic monument and archaeological site"},"content":{"rendered":"<section class=\"section-group\"><div class=\"container\"><div class=\"pure-g\">\n<div class=\"wp-block-group is-layout-constrained wp-block-group-is-layout-constrained\">\n<p class=\"has-blue-color has-text-color\" style=\"font-size:24px;font-style:normal;font-weight:600\">As you will have gathered, the Mus\u00e9e Saint-Raymond doesn&#8217;t do things by halves. The history of Toulouse and its region is everywhere: within the objects you can see during the tour, within the building, a former 16th-century college, and within the basement, which houses an archaeological site bearing witness to over a thousand years of history.<\/p>\n\n\n\n<figure   aria-label=\"\"  class=\"wp-block-image alignfull size-large is-style-nomargin\"><img loading=\"lazy\" decoding=\"async\" width=\"1024\" height=\"723\" src=\"https:\/\/saintraymond.toulouse.fr\/wp-content\/uploads\/sites\/8\/2023\/05\/1.1.1.1-Musee-monument-historique-et-site-archeo_site_internet-1024x723.jpg\" alt=\"Old photograph of the building housing the Mus\u00e9e Saint-Raymond and its garden. The crenellated chimneys and stepped gable wall have disappeared. The roof is now overhanging.\" class=\"wp-image-2384\" srcset=\"https:\/\/saintraymond.toulouse.fr\/wp-content\/uploads\/sites\/8\/2023\/05\/1.1.1.1-Musee-monument-historique-et-site-archeo_site_internet-1024x723.jpg 1024w, https:\/\/saintraymond.toulouse.fr\/wp-content\/uploads\/sites\/8\/2023\/05\/1.1.1.1-Musee-monument-historique-et-site-archeo_site_internet-300x212.jpg 300w, https:\/\/saintraymond.toulouse.fr\/wp-content\/uploads\/sites\/8\/2023\/05\/1.1.1.1-Musee-monument-historique-et-site-archeo_site_internet-768x543.jpg 768w, https:\/\/saintraymond.toulouse.fr\/wp-content\/uploads\/sites\/8\/2023\/05\/1.1.1.1-Musee-monument-historique-et-site-archeo_site_internet-414x292.jpg 414w, https:\/\/saintraymond.toulouse.fr\/wp-content\/uploads\/sites\/8\/2023\/05\/1.1.1.1-Musee-monument-historique-et-site-archeo_site_internet.jpg 1080w\" sizes=\"(max-width: 1024px) 100vw, 1024px\" \/><figcaption class=\"wp-element-caption\">Paul-Dupuy Archive. Photographer: Jacques Roug\u00e9<\/figcaption><\/figure>\n\n\n\n<div class=\"wp-block-columns is-layout-flex wp-container-core-columns-is-layout-9d6595d7 wp-block-columns-is-layout-flex\">\n<div class=\"wp-block-column is-layout-flow wp-block-column-is-layout-flow\">\n<p>The building housing the Mus\u00e9e Saint-Raymond is a former university college, founded in the 13th century and rebuilt in <strong>1523 <\/strong>by the architect Louis Privat.<br>Composed of 76,000 bricks (it&#8217;s hard to use stone when there&#8217;s no quarry nearby!), it is one of the rare vestiges of university architecture in Toulouse from that period. This college and its outbuildings, which have now disappeared, provided accommodation for poor students who came to study theology, medicine, law or the arts.<br><br>All the buildings were declared national property during the <strong>French <\/strong>Revolution, before being purchased by the city of Toulouse in 1836.<\/p>\n\n\n\n<p>The outbuildings and part of the building were destroyed when a large square was laid out around the Basilica of Saint-Sernin in 1852-1853. Only the college\u2019s main building was preserved. The monument was restored by Eug\u00e8ne Viollet-le-Duc between 1868 and 1871 and made available to Saint-Sernin to house its presbytery.<\/p>\n\n\n\n<p>The Mus\u00e9e Saint-Raymond finally moved here in <strong>1892<\/strong>.<\/p>\n\n\n\n<p>The building has been listed as a Historic Monument since <strong>1975<\/strong>.<\/p>\n<\/div>\n\n\n\n<div class=\"wp-block-column is-layout-flow wp-block-column-is-layout-flow\">\n<p>In <strong>1994-1996<\/strong>, archaeological excavations were carried out as part of the work in the museum&#8217;s basement. They brought to light a number of vestiges, some of which have been incorporated into the tour:<\/p>\n\n\n\n<ul class=\"wp-block-list\">\n<li>a necropolis from Late Antiquity;<\/li>\n\n\n\n<li><a href=\"https:\/\/saintraymond.toulouse.fr\/chaux-must-go-on\/\">a lime kiln;<\/a><\/li>\n\n\n\n<li>the foundations of Toulouse&#8217;s oldest hospital, dating from the early 12th century, which housed poor people, including students, before the college was built;<\/li>\n\n\n\n<li>the foundations of the first college, built in the 13th century, destroyed by fire three centuries later and replaced by the current building.<\/li>\n<\/ul>\n\n\n\n<p>The museum&#8217;s current basement contains what remains of all this history.<\/p>\n<\/div>\n<\/div>\n\n\n\n<div class=\"wp-block-columns is-layout-flex wp-container-core-columns-is-layout-9d6595d7 wp-block-columns-is-layout-flex\">\n<div class=\"wp-block-column is-layout-flow wp-block-column-is-layout-flow\">\n<figure  role=\"group\"  aria-label=\"Ancienne pr\u00e9sentation au 1er \u00e9tage du mus\u00e9e Saint-Raymond, en 1950.\"  class=\"wp-block-image size-large\"><img loading=\"lazy\" decoding=\"async\" width=\"1024\" height=\"1024\" src=\"https:\/\/saintraymond.toulouse.fr\/wp-content\/uploads\/sites\/8\/2023\/05\/photo_ancienne_presentation_MSR3-1024x1024.jpg\" alt=\"Photograph of an old display at the Mus\u00e9e Saint-Raymond, in the 1950s. We see Roman portraits on marble columns and reliefs of the labours of Hercules hanging high up on a wall.\" class=\"wp-image-2376\" srcset=\"https:\/\/saintraymond.toulouse.fr\/wp-content\/uploads\/sites\/8\/2023\/05\/photo_ancienne_presentation_MSR3-1024x1024.jpg 1024w, https:\/\/saintraymond.toulouse.fr\/wp-content\/uploads\/sites\/8\/2023\/05\/photo_ancienne_presentation_MSR3-300x300.jpg 300w, https:\/\/saintraymond.toulouse.fr\/wp-content\/uploads\/sites\/8\/2023\/05\/photo_ancienne_presentation_MSR3-150x150.jpg 150w, https:\/\/saintraymond.toulouse.fr\/wp-content\/uploads\/sites\/8\/2023\/05\/photo_ancienne_presentation_MSR3-768x768.jpg 768w, https:\/\/saintraymond.toulouse.fr\/wp-content\/uploads\/sites\/8\/2023\/05\/photo_ancienne_presentation_MSR3-414x414.jpg 414w, https:\/\/saintraymond.toulouse.fr\/wp-content\/uploads\/sites\/8\/2023\/05\/photo_ancienne_presentation_MSR3-600x600.jpg 600w, https:\/\/saintraymond.toulouse.fr\/wp-content\/uploads\/sites\/8\/2023\/05\/photo_ancienne_presentation_MSR3.jpg 1080w\" sizes=\"(max-width: 1024px) 100vw, 1024px\" \/><figcaption class=\"wp-element-caption\">Former presentation of the Labours of Hercules and Roman portraits at the Mus\u00e9e Saint-Raymond in 1950.<\/figcaption><\/figure>\n<\/div>\n\n\n\n<div class=\"wp-block-column is-layout-flow wp-block-column-is-layout-flow\">\n<figure  role=\"group\"  aria-label=\"Photographie probablement des ann\u00e9es 1940.\"  class=\"wp-block-image size-large\"><img loading=\"lazy\" decoding=\"async\" width=\"1024\" height=\"1024\" src=\"https:\/\/saintraymond.toulouse.fr\/wp-content\/uploads\/sites\/8\/2023\/05\/photo_ancienne_presentation_MSR2-1024x1024.jpg\" alt=\"Photograph of a room in the Mus\u00e9e Saint-Raymond. At the front, a display case in the middle of the room shows Egyptian statues. On the left, a stone head. In the centre, a painting on wood, and on the right, a seated Egyptian couple. Behind the display case, against the wall, other ceiling-high display cases hold Greek ceramics and a model of a Greek temple.\" class=\"wp-image-2372\" srcset=\"https:\/\/saintraymond.toulouse.fr\/wp-content\/uploads\/sites\/8\/2023\/05\/photo_ancienne_presentation_MSR2-1024x1024.jpg 1024w, https:\/\/saintraymond.toulouse.fr\/wp-content\/uploads\/sites\/8\/2023\/05\/photo_ancienne_presentation_MSR2-300x300.jpg 300w, https:\/\/saintraymond.toulouse.fr\/wp-content\/uploads\/sites\/8\/2023\/05\/photo_ancienne_presentation_MSR2-150x150.jpg 150w, https:\/\/saintraymond.toulouse.fr\/wp-content\/uploads\/sites\/8\/2023\/05\/photo_ancienne_presentation_MSR2-768x768.jpg 768w, https:\/\/saintraymond.toulouse.fr\/wp-content\/uploads\/sites\/8\/2023\/05\/photo_ancienne_presentation_MSR2-414x414.jpg 414w, https:\/\/saintraymond.toulouse.fr\/wp-content\/uploads\/sites\/8\/2023\/05\/photo_ancienne_presentation_MSR2-600x600.jpg 600w, https:\/\/saintraymond.toulouse.fr\/wp-content\/uploads\/sites\/8\/2023\/05\/photo_ancienne_presentation_MSR2.jpg 1080w\" sizes=\"(max-width: 1024px) 100vw, 1024px\" \/><figcaption class=\"wp-element-caption\">Former display from a room in the Mus\u00e9e Saint-Raymond.<br>Photograph probably taken in the 1940s.<\/figcaption><\/figure>\n<\/div>\n\n\n\n<div class=\"wp-block-column is-layout-flow wp-block-column-is-layout-flow\">\n<figure  role=\"group\"  aria-label=\"Photographie probablement des ann\u00e9es 40.\"  class=\"wp-block-image size-large\"><img loading=\"lazy\" decoding=\"async\" width=\"1024\" height=\"1024\" src=\"https:\/\/saintraymond.toulouse.fr\/wp-content\/uploads\/sites\/8\/2023\/05\/photo_ancienne_presentation_MSR-1024x1024.jpg\" alt=\"Photograph of an old room display at the Mus\u00e9e Saint-Raymond. In front, an Egyptian sarcophagus is shown standing up. Behind it, other sarcophagi are displayed lying down, along with display cases containing small objects. Behind it, other display cases show a variety of objects, from pottery to sculptures.\" class=\"wp-image-2368\" srcset=\"https:\/\/saintraymond.toulouse.fr\/wp-content\/uploads\/sites\/8\/2023\/05\/photo_ancienne_presentation_MSR-1024x1024.jpg 1024w, https:\/\/saintraymond.toulouse.fr\/wp-content\/uploads\/sites\/8\/2023\/05\/photo_ancienne_presentation_MSR-300x300.jpg 300w, https:\/\/saintraymond.toulouse.fr\/wp-content\/uploads\/sites\/8\/2023\/05\/photo_ancienne_presentation_MSR-150x150.jpg 150w, https:\/\/saintraymond.toulouse.fr\/wp-content\/uploads\/sites\/8\/2023\/05\/photo_ancienne_presentation_MSR-768x768.jpg 768w, https:\/\/saintraymond.toulouse.fr\/wp-content\/uploads\/sites\/8\/2023\/05\/photo_ancienne_presentation_MSR-414x414.jpg 414w, https:\/\/saintraymond.toulouse.fr\/wp-content\/uploads\/sites\/8\/2023\/05\/photo_ancienne_presentation_MSR-600x600.jpg 600w, https:\/\/saintraymond.toulouse.fr\/wp-content\/uploads\/sites\/8\/2023\/05\/photo_ancienne_presentation_MSR.jpg 1080w\" sizes=\"(max-width: 1024px) 100vw, 1024px\" \/><figcaption class=\"wp-element-caption\">Photograph probably taken in the 1940s.<\/figcaption><\/figure>\n<\/div>\n<\/div>\n\n\n\n<hr class=\"wp-block-separator has-alpha-channel-opacity is-style-default\"\/>\n<\/div>\n<\/div><\/div><\/section>","protected":false},"excerpt":{"rendered":"<p>As you will have gathered, the Mus\u00e9e Saint-Raymond doesn&#8217;t do things by halves. The history of Toulouse and its region is everywhere: within the objects you can see during the tour, within the building, a&hellip;<\/p>\n","protected":false},"author":52,"featured_media":2385,"parent":0,"menu_order":0,"comment_status":"closed","ping_status":"closed","template":"","meta":{"_acf_changed":false,"footnotes":""},"class_list":["post-6981","page","type-page","status-publish","has-post-thumbnail","hentry"],"acf":[],"yoast_head":"<!-- This site is optimized with the Yoast SEO plugin v27.0 - https:\/\/yoast.com\/product\/yoast-seo-wordpress\/ -->\n<title>Museum, historic monument and archaeological site - Mus\u00e9e Saint-Raymond<\/title>\n<meta name=\"description\" content=\"The building, a former 16th-century college, and within the basement, which houses an archaeological site bearing witness to over a thousand years of history.\" \/>\n<meta name=\"robots\" content=\"index, follow, max-snippet:-1, max-image-preview:large, max-video-preview:-1\" \/>\n<link rel=\"canonical\" href=\"https:\/\/saintraymond.toulouse.fr\/en\/museum-historic-monument-and-archaeological-site\/\" \/>\n<meta property=\"og:locale\" content=\"en_US\" \/>\n<meta property=\"og:type\" content=\"article\" \/>\n<meta property=\"og:title\" content=\"Museum, historic monument and archaeological site - Mus\u00e9e Saint-Raymond\" \/>\n<meta property=\"og:description\" content=\"The building, a former 16th-century college, and within the basement, which houses an archaeological site bearing witness to over a thousand years of history.\" \/>\n<meta property=\"og:url\" content=\"https:\/\/saintraymond.toulouse.fr\/en\/museum-historic-monument-and-archaeological-site\/\" \/>\n<meta property=\"og:site_name\" content=\"Mus\u00e9e Saint-Raymond\" \/>\n<meta property=\"article:publisher\" content=\"https:\/\/fr-fr.facebook.com\/museesaintraymond\/\" \/>\n<meta property=\"article:modified_time\" content=\"2024-06-18T10:11:23+00:00\" \/>\n<meta property=\"og:image\" content=\"https:\/\/saintraymond.toulouse.fr\/wp-content\/uploads\/sites\/8\/2023\/05\/1.1.1.1-Musee-monument-historique-et-site-archeo_site_internet.jpg\" \/>\n\t<meta property=\"og:image:width\" content=\"1080\" \/>\n\t<meta property=\"og:image:height\" content=\"763\" \/>\n\t<meta property=\"og:image:type\" content=\"image\/jpeg\" \/>\n<meta name=\"twitter:card\" content=\"summary_large_image\" \/>\n<meta name=\"twitter:label1\" content=\"Est. reading time\" \/>\n\t<meta name=\"twitter:data1\" content=\"3 minutes\" \/>\n<script type=\"application\/ld+json\" class=\"yoast-schema-graph\">{\"@context\":\"https:\/\/schema.org\",\"@graph\":[{\"@type\":\"WebPage\",\"@id\":\"https:\/\/saintraymond.toulouse.fr\/en\/museum-historic-monument-and-archaeological-site\/\",\"url\":\"https:\/\/saintraymond.toulouse.fr\/en\/museum-historic-monument-and-archaeological-site\/\",\"name\":\"Museum, historic monument and archaeological site - Mus\u00e9e Saint-Raymond\",\"isPartOf\":{\"@id\":\"https:\/\/saintraymond.toulouse.fr\/en\/#website\"},\"primaryImageOfPage\":{\"@id\":\"https:\/\/saintraymond.toulouse.fr\/en\/museum-historic-monument-and-archaeological-site\/#primaryimage\"},\"image\":{\"@id\":\"https:\/\/saintraymond.toulouse.fr\/en\/museum-historic-monument-and-archaeological-site\/#primaryimage\"},\"thumbnailUrl\":\"https:\/\/saintraymond.toulouse.fr\/wp-content\/uploads\/sites\/8\/2023\/05\/1.1.1.1-Musee-monument-historique-et-site-archeo_site_internet.jpg\",\"datePublished\":\"2023-05-25T09:44:09+00:00\",\"dateModified\":\"2024-06-18T10:11:23+00:00\",\"description\":\"The building, a former 16th-century college, and within the basement, which houses an archaeological site bearing witness to over a thousand years of history.\",\"breadcrumb\":{\"@id\":\"https:\/\/saintraymond.toulouse.fr\/en\/museum-historic-monument-and-archaeological-site\/#breadcrumb\"},\"inLanguage\":\"en-US\",\"potentialAction\":[{\"@type\":\"ReadAction\",\"target\":[\"https:\/\/saintraymond.toulouse.fr\/en\/museum-historic-monument-and-archaeological-site\/\"]}]},{\"@type\":\"ImageObject\",\"inLanguage\":\"en-US\",\"@id\":\"https:\/\/saintraymond.toulouse.fr\/en\/museum-historic-monument-and-archaeological-site\/#primaryimage\",\"url\":\"https:\/\/saintraymond.toulouse.fr\/wp-content\/uploads\/sites\/8\/2023\/05\/1.1.1.1-Musee-monument-historique-et-site-archeo_site_internet.jpg\",\"contentUrl\":\"https:\/\/saintraymond.toulouse.fr\/wp-content\/uploads\/sites\/8\/2023\/05\/1.1.1.1-Musee-monument-historique-et-site-archeo_site_internet.jpg\",\"width\":1080,\"height\":763,\"caption\":\"Photographie ancienne du mus\u00e9e Saint-Raymond\"},{\"@type\":\"BreadcrumbList\",\"@id\":\"https:\/\/saintraymond.toulouse.fr\/en\/museum-historic-monument-and-archaeological-site\/#breadcrumb\",\"itemListElement\":[{\"@type\":\"ListItem\",\"position\":1,\"name\":\"Accueil\",\"item\":\"https:\/\/saintraymond.toulouse.fr\/en\/\"},{\"@type\":\"ListItem\",\"position\":2,\"name\":\"Museum, historic monument and archaeological site\"}]},{\"@type\":\"WebSite\",\"@id\":\"https:\/\/saintraymond.toulouse.fr\/en\/#website\",\"url\":\"https:\/\/saintraymond.toulouse.fr\/en\/\",\"name\":\"Mus\u00e9e Saint-Raymond\",\"description\":\"\",\"publisher\":{\"@id\":\"https:\/\/saintraymond.toulouse.fr\/en\/#organization\"},\"potentialAction\":[{\"@type\":\"SearchAction\",\"target\":{\"@type\":\"EntryPoint\",\"urlTemplate\":\"https:\/\/saintraymond.toulouse.fr\/en\/search\/{search_term_string}\"},\"query-input\":{\"@type\":\"PropertyValueSpecification\",\"valueRequired\":true,\"valueName\":\"search_term_string\"}}],\"inLanguage\":\"en-US\"},{\"@type\":\"Organization\",\"@id\":\"https:\/\/saintraymond.toulouse.fr\/en\/#organization\",\"name\":\"Mus\u00e9e Saint-Raymond\",\"url\":\"https:\/\/saintraymond.toulouse.fr\/en\/\",\"logo\":{\"@type\":\"ImageObject\",\"inLanguage\":\"en-US\",\"@id\":\"https:\/\/saintraymond.toulouse.fr\/en\/#\/schema\/logo\/image\/\",\"url\":\"https:\/\/saintraymond.toulouse.fr\/wp-content\/uploads\/sites\/8\/2023\/04\/Logo-MSR.svg\",\"contentUrl\":\"https:\/\/saintraymond.toulouse.fr\/wp-content\/uploads\/sites\/8\/2023\/04\/Logo-MSR.svg\",\"caption\":\"Mus\u00e9e Saint-Raymond\"},\"image\":{\"@id\":\"https:\/\/saintraymond.toulouse.fr\/en\/#\/schema\/logo\/image\/\"},\"sameAs\":[\"https:\/\/fr-fr.facebook.com\/museesaintraymond\/\"]}]}<\/script>\n<!-- \/ Yoast SEO plugin. -->","yoast_head_json":{"title":"Museum, historic monument and archaeological site - Mus\u00e9e Saint-Raymond","description":"The building, a former 16th-century college, and within the basement, which houses an archaeological site bearing witness to over a thousand years of history.","robots":{"index":"index","follow":"follow","max-snippet":"max-snippet:-1","max-image-preview":"max-image-preview:large","max-video-preview":"max-video-preview:-1"},"canonical":"https:\/\/saintraymond.toulouse.fr\/en\/museum-historic-monument-and-archaeological-site\/","og_locale":"en_US","og_type":"article","og_title":"Museum, historic monument and archaeological site - Mus\u00e9e Saint-Raymond","og_description":"The building, a former 16th-century college, and within the basement, which houses an archaeological site bearing witness to over a thousand years of history.","og_url":"https:\/\/saintraymond.toulouse.fr\/en\/museum-historic-monument-and-archaeological-site\/","og_site_name":"Mus\u00e9e Saint-Raymond","article_publisher":"https:\/\/fr-fr.facebook.com\/museesaintraymond\/","article_modified_time":"2024-06-18T10:11:23+00:00","og_image":[{"width":1080,"height":763,"url":"https:\/\/saintraymond.toulouse.fr\/wp-content\/uploads\/sites\/8\/2023\/05\/1.1.1.1-Musee-monument-historique-et-site-archeo_site_internet.jpg","type":"image\/jpeg"}],"twitter_card":"summary_large_image","twitter_misc":{"Est. reading time":"3 minutes"},"schema":{"@context":"https:\/\/schema.org","@graph":[{"@type":"WebPage","@id":"https:\/\/saintraymond.toulouse.fr\/en\/museum-historic-monument-and-archaeological-site\/","url":"https:\/\/saintraymond.toulouse.fr\/en\/museum-historic-monument-and-archaeological-site\/","name":"Museum, historic monument and archaeological site - Mus\u00e9e Saint-Raymond","isPartOf":{"@id":"https:\/\/saintraymond.toulouse.fr\/en\/#website"},"primaryImageOfPage":{"@id":"https:\/\/saintraymond.toulouse.fr\/en\/museum-historic-monument-and-archaeological-site\/#primaryimage"},"image":{"@id":"https:\/\/saintraymond.toulouse.fr\/en\/museum-historic-monument-and-archaeological-site\/#primaryimage"},"thumbnailUrl":"https:\/\/saintraymond.toulouse.fr\/wp-content\/uploads\/sites\/8\/2023\/05\/1.1.1.1-Musee-monument-historique-et-site-archeo_site_internet.jpg","datePublished":"2023-05-25T09:44:09+00:00","dateModified":"2024-06-18T10:11:23+00:00","description":"The building, a former 16th-century college, and within the basement, which houses an archaeological site bearing witness to over a thousand years of history.","breadcrumb":{"@id":"https:\/\/saintraymond.toulouse.fr\/en\/museum-historic-monument-and-archaeological-site\/#breadcrumb"},"inLanguage":"en-US","potentialAction":[{"@type":"ReadAction","target":["https:\/\/saintraymond.toulouse.fr\/en\/museum-historic-monument-and-archaeological-site\/"]}]},{"@type":"ImageObject","inLanguage":"en-US","@id":"https:\/\/saintraymond.toulouse.fr\/en\/museum-historic-monument-and-archaeological-site\/#primaryimage","url":"https:\/\/saintraymond.toulouse.fr\/wp-content\/uploads\/sites\/8\/2023\/05\/1.1.1.1-Musee-monument-historique-et-site-archeo_site_internet.jpg","contentUrl":"https:\/\/saintraymond.toulouse.fr\/wp-content\/uploads\/sites\/8\/2023\/05\/1.1.1.1-Musee-monument-historique-et-site-archeo_site_internet.jpg","width":1080,"height":763,"caption":"Photographie ancienne du mus\u00e9e Saint-Raymond"},{"@type":"BreadcrumbList","@id":"https:\/\/saintraymond.toulouse.fr\/en\/museum-historic-monument-and-archaeological-site\/#breadcrumb","itemListElement":[{"@type":"ListItem","position":1,"name":"Accueil","item":"https:\/\/saintraymond.toulouse.fr\/en\/"},{"@type":"ListItem","position":2,"name":"Museum, historic monument and archaeological site"}]},{"@type":"WebSite","@id":"https:\/\/saintraymond.toulouse.fr\/en\/#website","url":"https:\/\/saintraymond.toulouse.fr\/en\/","name":"Mus\u00e9e Saint-Raymond","description":"","publisher":{"@id":"https:\/\/saintraymond.toulouse.fr\/en\/#organization"},"potentialAction":[{"@type":"SearchAction","target":{"@type":"EntryPoint","urlTemplate":"https:\/\/saintraymond.toulouse.fr\/en\/search\/{search_term_string}"},"query-input":{"@type":"PropertyValueSpecification","valueRequired":true,"valueName":"search_term_string"}}],"inLanguage":"en-US"},{"@type":"Organization","@id":"https:\/\/saintraymond.toulouse.fr\/en\/#organization","name":"Mus\u00e9e Saint-Raymond","url":"https:\/\/saintraymond.toulouse.fr\/en\/","logo":{"@type":"ImageObject","inLanguage":"en-US","@id":"https:\/\/saintraymond.toulouse.fr\/en\/#\/schema\/logo\/image\/","url":"https:\/\/saintraymond.toulouse.fr\/wp-content\/uploads\/sites\/8\/2023\/04\/Logo-MSR.svg","contentUrl":"https:\/\/saintraymond.toulouse.fr\/wp-content\/uploads\/sites\/8\/2023\/04\/Logo-MSR.svg","caption":"Mus\u00e9e Saint-Raymond"},"image":{"@id":"https:\/\/saintraymond.toulouse.fr\/en\/#\/schema\/logo\/image\/"},"sameAs":["https:\/\/fr-fr.facebook.com\/museesaintraymond\/"]}]}},"_links":{"self":[{"href":"https:\/\/saintraymond.toulouse.fr\/en\/wp-json\/wp\/v2\/pages\/6981","targetHints":{"allow":["GET"]}}],"collection":[{"href":"https:\/\/saintraymond.toulouse.fr\/en\/wp-json\/wp\/v2\/pages"}],"about":[{"href":"https:\/\/saintraymond.toulouse.fr\/en\/wp-json\/wp\/v2\/types\/page"}],"author":[{"embeddable":true,"href":"https:\/\/saintraymond.toulouse.fr\/en\/wp-json\/wp\/v2\/users\/52"}],"replies":[{"embeddable":true,"href":"https:\/\/saintraymond.toulouse.fr\/en\/wp-json\/wp\/v2\/comments?post=6981"}],"version-history":[{"count":2,"href":"https:\/\/saintraymond.toulouse.fr\/en\/wp-json\/wp\/v2\/pages\/6981\/revisions"}],"predecessor-version":[{"id":6988,"href":"https:\/\/saintraymond.toulouse.fr\/en\/wp-json\/wp\/v2\/pages\/6981\/revisions\/6988"}],"wp:featuredmedia":[{"embeddable":true,"href":"https:\/\/saintraymond.toulouse.fr\/en\/wp-json\/wp\/v2\/media\/2385"}],"wp:attachment":[{"href":"https:\/\/saintraymond.toulouse.fr\/en\/wp-json\/wp\/v2\/media?parent=6981"}],"curies":[{"name":"wp","href":"https:\/\/api.w.org\/{rel}","templated":true}]}}